{"id":1976,"date":"2026-02-06T19:25:15","date_gmt":"2026-02-06T18:25:15","guid":{"rendered":"https:\/\/zillertalervrienden.nl\/?post_type=product&#038;p=1976"},"modified":"2026-02-06T19:25:16","modified_gmt":"2026-02-06T18:25:16","slug":"kuchentucher-mit-blumenmuster-2er-set","status":"publish","type":"product","link":"https:\/\/zillertalervrienden.nl\/de\/produkt\/kuchentucher-mit-blumenmuster-2er-set\/","title":{"rendered":"K\u00fcchent\u00fccher mit Blumenmuster (2er-Set)"},"content":{"rendered":"<p>\ud83c\udf3c\ud83e\udd8b K\u00fcchent\u00fccher mit Blumenmuster \u2014 45,72 \u00d7 66,04 cm \ud83c\udf3f<\/p>\n<p><strong>Bringen Sie Fr\u00fchlingsgef\u00fchle und l\u00e4ndlichen Charme in Ihr Zuhause mit diesen weichen Geschirrt\u00fcchern aus Polyester, die mit Schmetterlingen, gelben G\u00e4nsebl\u00fcmchen und Lupinenmotiven verziert sind..<\/strong><\/p>\n<p>\u2714\ufe0f Superweiches Polyestergewebe \u2013 sanft zu H\u00e4nden und Geschirr<br \/>\n\ud83e\uddfd Hohe Saugf\u00e4higkeit \u2013 trocknet schnell und reinigt effektiv<br \/>\n\ud83e\udd8b Wundersch\u00f6nes Blumen- und Schmetterlingsmuster \u2013 ein fr\u00f6hlicher Fr\u00fchlingslook<br \/>\n\ud83d\udccf Ma\u00dfe: 45,72 \u00d7 66,04 cm \u2013 praktische Gr\u00f6\u00dfe f\u00fcr K\u00fcche und Haushalt<br \/>\n\ud83c\udfe1 Perfekt f\u00fcr Landhausstil, Tischdekoration und den t\u00e4glichen Gebrauch<br \/>\n\ud83e\uddfa Maschinenwaschbar \u2013 pflegeleicht und farbecht<br \/>\n\ud83c\udf81 Ideal als Geschenk oder als gem\u00fctliche Erg\u00e4nzung f\u00fcr Ihre K\u00fcche<\/p>\n<p>&nbsp;<\/p>\n<p><strong>\ud83d\uded2 Bestellen Sie jetzt und bringen Sie mit echten Fr\u00fchlingsfarben frischen Wind in Ihre K\u00fcche!<\/strong><\/p>\n","protected":false},"excerpt":{"rendered":"<p>\ud83c\udf3c\ud83e\udd8b K\u00fcchent\u00fccher mit Blumenmuster \u2014 45,72 \u00d7 66,04 cm \ud83c\udf3f Bringen Sie Fr\u00fchlingsgef\u00fchle und l\u00e4ndlichen Charme in Ihr Zuhause mit diesen weichen Geschirrt\u00fcchern aus Polyester, die mit Schmetterlingen, gelben G\u00e4nsebl\u00fcmchen [&hellip;]<\/p>\n","protected":false},"featured_media":1975,"comment_status":"open","ping_status":"closed","template":"","meta":{"_acf_changed":false},"product_brand":[],"product_cat":[87],"product_tag":[],"class_list":{"0":"post-1976","1":"product","2":"type-product","3":"status-publish","4":"has-post-thumbnail","6":"product_cat-verschiedenes","8":"first","9":"instock","10":"shipping-taxable","11":"purchasable","12":"product-type-simple"},"acf":[],"jetpack_sharing_enabled":true,"_links":{"self":[{"href":"https:\/\/zillertalervrienden.nl\/de\/wp-json\/wp\/v2\/product\/1976","targetHints":{"allow":["GET"]}}],"collection":[{"href":"https:\/\/zillertalervrienden.nl\/de\/wp-json\/wp\/v2\/product"}],"about":[{"href":"https:\/\/zillertalervrienden.nl\/de\/wp-json\/wp\/v2\/types\/product"}],"replies":[{"embeddable":true,"href":"https:\/\/zillertalervrienden.nl\/de\/wp-json\/wp\/v2\/comments?post=1976"}],"wp:featuredmedia":[{"embeddable":true,"href":"https:\/\/zillertalervrienden.nl\/de\/wp-json\/wp\/v2\/media\/1975"}],"wp:attachment":[{"href":"https:\/\/zillertalervrienden.nl\/de\/wp-json\/wp\/v2\/media?parent=1976"}],"wp:term":[{"taxonomy":"product_brand","embeddable":true,"href":"https:\/\/zillertalervrienden.nl\/de\/wp-json\/wp\/v2\/product_brand?post=1976"},{"taxonomy":"product_cat","embeddable":true,"href":"https:\/\/zillertalervrienden.nl\/de\/wp-json\/wp\/v2\/product_cat?post=1976"},{"taxonomy":"product_tag","embeddable":true,"href":"https:\/\/zillertalervrienden.nl\/de\/wp-json\/wp\/v2\/product_tag?post=1976"}],"curies":[{"name":"wp","href":"https:\/\/api.w.org\/{rel}","templated":true}]}}