{"id":2027,"date":"2026-02-27T16:04:04","date_gmt":"2026-02-27T15:04:04","guid":{"rendered":"https:\/\/zillertalervrienden.nl\/?post_type=product&#038;p=2027"},"modified":"2026-02-27T16:04:05","modified_gmt":"2026-02-27T15:04:05","slug":"zillertal-gurtel-mit-hirschmotiv-grose-schnalle","status":"publish","type":"product","link":"https:\/\/zillertalervrienden.nl\/de\/produkt\/zillertal-gurtel-mit-hirschmotiv-grose-schnalle\/","title":{"rendered":"Zillertal G\u00fcrtel mit Hirschmotiv, gro\u00dfe Schnalle"},"content":{"rendered":"<p>\ud83e\udd8c\u2728 Zillertaler Herreng\u00fcrtel \u2013 Trendiges PU-Relief mit Hirschmotiv (120 cm)<\/p>\n<p><strong>Stilvoll und robust zugleich, besticht dieser Herreng\u00fcrtel durch eine gro\u00dfe Schnalle und ein elliptisches, schwarz schattiertes Hirschmotiv \u2013 perfekt, um Ihrem Outfit einen alpinen Touch zu verleihen.<\/strong><\/p>\n<p>\u2714\ufe0f 120 cm L\u00e4nge \u2013 bequeme Passform \u2714\ufe0f<br \/>\n\ud83c\udfaf Gro\u00dfe Metallschnalle \u2013 ein echter Hingucker und robust \u2714\ufe0f<br \/>\n\ud83e\uddf5 PU-gepr\u00e4gtes Kunstleder \u2013 trendiger Look, strapazierf\u00e4hig \u2714\ufe0f<br \/>\n\ud83d\udda4 Elliptisches Hirschmotiv in Schwarz \u2013 einzigartiges Zillertaler Detail \u2714\ufe0f<br \/>\n\ud83d\udc56 Geeignet f\u00fcr Alltag und festliche Anl\u00e4sse \u2013 schick und l\u00e4ssig \u2714\ufe0f<br \/>\n\ud83c\udf81 Das ideale Geschenk f\u00fcr M\u00e4nner mit Sinn f\u00fcr Natur und Stil \u2714\ufe0f<\/p>\n<p>&nbsp;<\/p>\n<p><strong>\ud83d\uded2 Bestellen Sie jetzt und vervollst\u00e4ndigen Sie Ihr Outfit im echten Zillertaler Stil!<\/strong><\/p>\n","protected":false},"excerpt":{"rendered":"<p><br data-mce-bogus=\"1\"><\/p>\n","protected":false},"featured_media":2024,"comment_status":"open","ping_status":"closed","template":"","meta":{"_acf_changed":false},"product_brand":[],"product_cat":[125],"product_tag":[],"class_list":{"0":"post-2027","1":"product","2":"type-product","3":"status-publish","4":"has-post-thumbnail","6":"product_cat-gurtel","8":"first","9":"instock","10":"shipping-taxable","11":"purchasable","12":"product-type-simple"},"acf":[],"jetpack_sharing_enabled":true,"_links":{"self":[{"href":"https:\/\/zillertalervrienden.nl\/de\/wp-json\/wp\/v2\/product\/2027","targetHints":{"allow":["GET"]}}],"collection":[{"href":"https:\/\/zillertalervrienden.nl\/de\/wp-json\/wp\/v2\/product"}],"about":[{"href":"https:\/\/zillertalervrienden.nl\/de\/wp-json\/wp\/v2\/types\/product"}],"replies":[{"embeddable":true,"href":"https:\/\/zillertalervrienden.nl\/de\/wp-json\/wp\/v2\/comments?post=2027"}],"wp:featuredmedia":[{"embeddable":true,"href":"https:\/\/zillertalervrienden.nl\/de\/wp-json\/wp\/v2\/media\/2024"}],"wp:attachment":[{"href":"https:\/\/zillertalervrienden.nl\/de\/wp-json\/wp\/v2\/media?parent=2027"}],"wp:term":[{"taxonomy":"product_brand","embeddable":true,"href":"https:\/\/zillertalervrienden.nl\/de\/wp-json\/wp\/v2\/product_brand?post=2027"},{"taxonomy":"product_cat","embeddable":true,"href":"https:\/\/zillertalervrienden.nl\/de\/wp-json\/wp\/v2\/product_cat?post=2027"},{"taxonomy":"product_tag","embeddable":true,"href":"https:\/\/zillertalervrienden.nl\/de\/wp-json\/wp\/v2\/product_tag?post=2027"}],"curies":[{"name":"wp","href":"https:\/\/api.w.org\/{rel}","templated":true}]}}